{"id":55,"date":"2026-04-16T22:44:46","date_gmt":"2026-04-16T20:44:46","guid":{"rendered":"https:\/\/oliwier.cik.net.pl\/?page_id=55"},"modified":"2026-04-17T00:39:31","modified_gmt":"2026-04-16T22:39:31","slug":"oliwier-fanatyk-gier","status":"publish","type":"page","link":"https:\/\/oliwier.cik.net.pl\/?page_id=55","title":{"rendered":"Oliwier Fanatyk Gier"},"content":{"rendered":"<p>[et_pb_section fb_built=&#8221;1&#8243; _builder_version=&#8221;4.27.4&#8243; _module_preset=&#8221;default&#8221; hover_enabled=&#8221;0&#8243; global_colors_info=&#8221;{}&#8221; background_color=&#8221;#515151&#8243; sticky_enabled=&#8221;0&#8243;][et_pb_row _builder_version=&#8221;4.27.4&#8243; _module_preset=&#8221;default&#8221; global_colors_info=&#8221;{}&#8221; admin_label=&#8221;Wiersz&#8221;][et_pb_column type=&#8221;4_4&#8243; _builder_version=&#8221;4.27.4&#8243; _module_preset=&#8221;default&#8221; global_colors_info=&#8221;{}&#8221;][et_pb_icon font_icon=&#8221;&#x49;||divi||400&#8243; _builder_version=&#8221;4.27.4&#8243; _module_preset=&#8221;default&#8221; global_colors_info=&#8221;{}&#8221;][\/et_pb_icon][\/et_pb_column][\/et_pb_row][et_pb_row _builder_version=&#8221;4.27.4&#8243; _module_preset=&#8221;default&#8221; hover_enabled=&#8221;0&#8243; global_colors_info=&#8221;{}&#8221; background_color=&#8221;#bcbcbc&#8221; width=&#8221;90%&#8221; border_radii=&#8221;on|20px|20px|20px|20px&#8221; border_width_all=&#8221;7px&#8221; sticky_enabled=&#8221;0&#8243;][et_pb_column type=&#8221;4_4&#8243; _builder_version=&#8221;4.27.4&#8243; _module_preset=&#8221;default&#8221; global_colors_info=&#8221;{}&#8221;][et_pb_text _builder_version=&#8221;4.27.4&#8243; _module_preset=&#8221;default&#8221; hover_enabled=&#8221;0&#8243; global_colors_info=&#8221;{}&#8221; admin_label=&#8221;Tekst&#8221; background_color=&#8221;#FFFFFF&#8221; sticky_enabled=&#8221;0&#8243; custom_padding=&#8221;|||25px|false|false&#8221;]<\/p>\n<p>Jak zrobi\u0107 stron\u0119 internetow\u0105 1. kupi\u0107\u00a0 \u00a0 \u00a0 \u00a0 \u00a0hosting\u00a0 2. Kupi\u0107 domen\u0119 3. Has\u0142o\u00a0 \u00a0 \u00a0 \u00a0 \u00a0 \u00a0 \u00a0 \u00a0 \u00a0stworzone przez gospodarza 4. wpisz has\u0142o\u00a0 \u00a0stworzone przez<\/p>\n<p>gospodarza 5. tw\u00f3rz strony i opublikuj mi\u0142ego tworzenia :).<\/p>\n<p>&nbsp;<\/p>\n<p>[\/et_pb_text][\/et_pb_column][\/et_pb_row][\/et_pb_section]<\/p>\n","protected":false},"excerpt":{"rendered":"<p>Jak zrobi\u0107 stron\u0119 internetow\u0105 1. kupi\u0107\u00a0 \u00a0 \u00a0 \u00a0 \u00a0hosting\u00a0 2. Kupi\u0107 domen\u0119 3. Has\u0142o\u00a0 \u00a0 \u00a0 \u00a0 \u00a0 \u00a0 \u00a0 \u00a0 \u00a0stworzone przez gospodarza 4. wpisz has\u0142o\u00a0 \u00a0stworzone przez gospodarza 5. tw\u00f3rz strony i opublikuj mi\u0142ego tworzenia :). &nbsp;<\/p>\n","protected":false},"author":1,"featured_media":0,"parent":0,"menu_order":0,"comment_status":"closed","ping_status":"closed","template":"","meta":{"_et_pb_use_builder":"on","_et_pb_old_content":"","_et_gb_content_width":"","footnotes":""},"class_list":["post-55","page","type-page","status-publish","hentry"],"_links":{"self":[{"href":"https:\/\/oliwier.cik.net.pl\/index.php?rest_route=\/wp\/v2\/pages\/55","targetHints":{"allow":["GET"]}}],"collection":[{"href":"https:\/\/oliwier.cik.net.pl\/index.php?rest_route=\/wp\/v2\/pages"}],"about":[{"href":"https:\/\/oliwier.cik.net.pl\/index.php?rest_route=\/wp\/v2\/types\/page"}],"author":[{"embeddable":true,"href":"https:\/\/oliwier.cik.net.pl\/index.php?rest_route=\/wp\/v2\/users\/1"}],"replies":[{"embeddable":true,"href":"https:\/\/oliwier.cik.net.pl\/index.php?rest_route=%2Fwp%2Fv2%2Fcomments&post=55"}],"version-history":[{"count":6,"href":"https:\/\/oliwier.cik.net.pl\/index.php?rest_route=\/wp\/v2\/pages\/55\/revisions"}],"predecessor-version":[{"id":65,"href":"https:\/\/oliwier.cik.net.pl\/index.php?rest_route=\/wp\/v2\/pages\/55\/revisions\/65"}],"wp:attachment":[{"href":"https:\/\/oliwier.cik.net.pl\/index.php?rest_route=%2Fwp%2Fv2%2Fmedia&parent=55"}],"curies":[{"name":"wp","href":"https:\/\/api.w.org\/{rel}","templated":true}]}}